{"id":37,"date":"2022-06-03T14:13:53","date_gmt":"2020-06-03T11:13:53","guid":{"rendered":"https:\/\/safirdemo.com\/atolye\/ekibimiz\/"},"modified":"2025-11-25T14:50:57","modified_gmt":"2025-11-25T11:50:57","slug":"ekibimiz","status":"publish","type":"page","link":"https:\/\/townist.com.tr\/index.php\/ekibimiz\/","title":{"rendered":"M\u0130KA\u0130L \u00d6ZDEM\u0130R"},"content":{"rendered":"\n<figure class=\"wp-block-image size-large\"><img loading=\"lazy\" decoding=\"async\" width=\"1024\" height=\"576\" src=\"https:\/\/townist.com.tr\/wp-content\/uploads\/2025\/11\/Townist-_web-1-1024x576.png\" alt=\"\" class=\"wp-image-572\" srcset=\"https:\/\/townist.com.tr\/wp-content\/uploads\/2025\/11\/Townist-_web-1-1024x576.png 1024w, https:\/\/townist.com.tr\/wp-content\/uploads\/2025\/11\/Townist-_web-1-300x169.png 300w, https:\/\/townist.com.tr\/wp-content\/uploads\/2025\/11\/Townist-_web-1-768x432.png 768w, https:\/\/townist.com.tr\/wp-content\/uploads\/2025\/11\/Townist-_web-1.png 1366w\" sizes=\"auto, (max-width: 1024px) 100vw, 1024px\" \/><\/figure>\n\n\n\n<p><strong><a href=\"https:\/\/townist.com.tr\/\">Townist\u00ae<\/a> Kurucu Genel M\u00fcd\u00fcr\u00fc<br><\/strong>Uzla\u015ft\u0131rmac\u0131 | Gayrimenkul ve Yat\u0131r\u0131m Dan\u0131\u015fman\u0131<\/p>\n\n\n\n<p><a href=\"https:\/\/wa.me\/905411924977\" target=\"_blank\" rel=\"noopener\"><strong>+90 541 192 49 77<\/strong><br><\/a>mikail@townist.com.tr<\/p>\n\n\n\n<hr class=\"wp-block-separator has-alpha-channel-opacity\"\/>\n\n\n\n<p><strong>Mikail \u00d6zdemir,<\/strong> kamu sekt\u00f6r\u00fcnde ge\u00e7en 10 y\u0131ll\u0131k g\u00f6rev s\u00fcresinin ard\u0131ndan gayrimenkul ve yat\u0131r\u0131m dan\u0131\u015fmanl\u0131\u011f\u0131 alan\u0131nda uzmanla\u015fmaya y\u00f6nelmi\u015ftir.<br>\u00c7al\u0131\u015fma \u0130li\u015fkileri ve \u0130nsan Kaynaklar\u0131 b\u00f6l\u00fcm\u00fcnde tezli y\u00fcksek lisans mezunu olan \u00d6zdemir, ayn\u0131 zamanda \u0130stanbul \u00dcniversitesi Uluslararas\u0131 Giri\u015fimcilik e\u011fitimine devam etmektedir.<br>\u00c7a\u011flayan Adliyesi\u2019ne ba\u011fl\u0131 uzla\u015ft\u0131rmac\u0131 olarak da aktif g\u00f6rev yapmaktad\u0131r.<\/p>\n\n\n\n<p>Kurucusu ve genel m\u00fcd\u00fcr\u00fc oldu\u011fu <strong><a href=\"https:\/\/townist.com.tr\/\">Townist\u00ae<\/a><\/strong> markas\u0131yla Kad\u0131k\u00f6y ve \u015ei\u015fli b\u00f6lgelerinde faaliyet g\u00f6stermektedir.<br>Yerli ve yabanc\u0131 bir\u00e7ok proje \u015firketiyle koordineli \u00e7al\u0131\u015fmalar y\u00fcr\u00fcterek, yerli ve yabanc\u0131 m\u00fc\u015fterileri ad\u0131na yurt i\u00e7i ve yurt d\u0131\u015f\u0131nda kiralama, sat\u0131\u015f, sat\u0131n alma, tadilat ve kentsel d\u00f6n\u00fc\u015f\u00fcm faaliyetlerini ger\u00e7ekle\u015ftirmektedir.<\/p>\n\n\n\n<p>\u201cEn iyi referanslar\u0131m\u0131z, i\u015flem yapt\u0131\u011f\u0131m\u0131z m\u00fc\u015fterilerimizdir.\u201d<br><strong><a href=\"https:\/\/townist.com.tr\/\">Townist\u00ae<\/a><\/strong> olarak \u201cG\u00fcl\u00fcmseyen simalar biriktirmeye devam ediyoruz.\u201d slogan\u0131yla g\u00fcven, memnuniyet ve s\u00fcrd\u00fcr\u00fclebilir ili\u015fkilere dayal\u0131 bir hizmet anlay\u0131\u015f\u0131 benimsemektedir.<\/p>\n\n\n\n<p>Her i\u015flemden elde edilen gelirin 1\/40\u2019\u0131n\u0131 sosyal sorumluluk projelerine ay\u0131rmakta ve her i\u015flem sonras\u0131 m\u00fc\u015fterileri ad\u0131na fidan ba\u011f\u0131\u015f\u0131 yaparak toplumsal fark\u0131ndal\u0131\u011f\u0131n ve \u00e7evre bilincinin artmas\u0131na katk\u0131 sa\u011flamaktad\u0131r.<\/p>\n","protected":false},"excerpt":{"rendered":"<p>Townist\u00ae Kurucu Genel M\u00fcd\u00fcr\u00fcUzla\u015ft\u0131rmac\u0131 | Gayrimenkul ve Yat\u0131r\u0131m Dan\u0131\u015fman\u0131 +90 541 192 49 77mikail@townist.com.tr Mikail \u00d6zdemir, kamu sekt\u00f6r\u00fcnde ge\u00e7en 10 y\u0131ll\u0131k g\u00f6rev s\u00fcresinin ard\u0131ndan gayrimenkul ve yat\u0131r\u0131m dan\u0131\u015fmanl\u0131\u011f\u0131 alan\u0131nda uzmanla\u015fmaya y\u00f6nelmi\u015ftir.\u00c7al\u0131\u015fma \u0130li\u015fkileri ve \u0130nsan Kaynaklar\u0131 b\u00f6l\u00fcm\u00fcnde tezli y\u00fcksek lisans mezunu olan \u00d6zdemir, ayn\u0131 zamanda \u0130stanbul \u00dcniversitesi Uluslararas\u0131 Giri\u015fimcilik e\u011fitimine devam etmektedir.\u00c7a\u011flayan Adliyesi\u2019ne ba\u011fl\u0131 uzla\u015ft\u0131rmac\u0131 olarak [&hellip;]<\/p>\n","protected":false},"author":1,"featured_media":572,"parent":0,"menu_order":0,"comment_status":"closed","ping_status":"closed","template":"pages\/page-crew.php","meta":{"footnotes":""},"class_list":["post-37","page","type-page","status-publish","has-post-thumbnail","hentry"],"_links":{"self":[{"href":"https:\/\/townist.com.tr\/index.php\/wp-json\/wp\/v2\/pages\/37","targetHints":{"allow":["GET"]}}],"collection":[{"href":"https:\/\/townist.com.tr\/index.php\/wp-json\/wp\/v2\/pages"}],"about":[{"href":"https:\/\/townist.com.tr\/index.php\/wp-json\/wp\/v2\/types\/page"}],"author":[{"embeddable":true,"href":"https:\/\/townist.com.tr\/index.php\/wp-json\/wp\/v2\/users\/1"}],"replies":[{"embeddable":true,"href":"https:\/\/townist.com.tr\/index.php\/wp-json\/wp\/v2\/comments?post=37"}],"version-history":[{"count":4,"href":"https:\/\/townist.com.tr\/index.php\/wp-json\/wp\/v2\/pages\/37\/revisions"}],"predecessor-version":[{"id":579,"href":"https:\/\/townist.com.tr\/index.php\/wp-json\/wp\/v2\/pages\/37\/revisions\/579"}],"wp:featuredmedia":[{"embeddable":true,"href":"https:\/\/townist.com.tr\/index.php\/wp-json\/wp\/v2\/media\/572"}],"wp:attachment":[{"href":"https:\/\/townist.com.tr\/index.php\/wp-json\/wp\/v2\/media?parent=37"}],"curies":[{"name":"wp","href":"https:\/\/api.w.org\/{rel}","templated":true}]}}